{"id":58,"date":"2026-04-23T06:59:02","date_gmt":"2026-04-23T06:59:02","guid":{"rendered":"https:\/\/www.staging.seutter-schaltanlagen.de\/?page_id=58"},"modified":"2026-04-23T08:46:37","modified_gmt":"2026-04-23T08:46:37","slug":"datenschutz","status":"publish","type":"page","link":"https:\/\/www.staging.seutter-schaltanlagen.de\/?page_id=58","title":{"rendered":"Datenschutz"},"content":{"rendered":"\t\t<div data-elementor-type=\"wp-page\" data-elementor-id=\"58\" class=\"elementor elementor-58\">\n\t\t\t\t<div class=\"elementor-element elementor-element-c0bf96a e-flex e-con-boxed e-con e-parent\" data-id=\"c0bf96a\" data-element_type=\"container\" data-e-type=\"container\">\n\t\t\t\t\t<div class=\"e-con-inner\">\n\t\t\t\t<div class=\"elementor-element elementor-element-02aec97 elementor-widget elementor-widget-image\" data-id=\"02aec97\" data-element_type=\"widget\" data-e-type=\"widget\" data-widget_type=\"image.default\">\n\t\t\t\t\t\t\t\t\t\t\t\t\t\t\t\t<a href=\"\/\">\n\t\t\t\t\t\t\t<img decoding=\"async\" width=\"190\" height=\"155\" src=\"https:\/\/www.staging.seutter-schaltanlagen.de\/wp-content\/uploads\/2026\/04\/seutter_logo_trimed.png\" class=\"attachment-large size-large wp-image-14\" alt=\"\" \/>\t\t\t\t\t\t\t\t<\/a>\n\t\t\t\t\t\t\t\t\t\t\t\t\t\t\t<\/div>\n\t\t\t\t<div class=\"elementor-element elementor-element-b609c33 elementor-widget elementor-widget-heading\" data-id=\"b609c33\" data-element_type=\"widget\" data-e-type=\"widget\" data-widget_type=\"heading.default\">\n\t\t\t\t\t<h1 class=\"elementor-heading-title elementor-size-default\">Datenschutzerkl\u00e4rung<\/h1>\t\t\t\t<\/div>\n\t\t\t\t<div class=\"elementor-element elementor-element-18b3b03 elementor-widget elementor-widget-heading\" data-id=\"18b3b03\" data-element_type=\"widget\" data-e-type=\"widget\" data-widget_type=\"heading.default\">\n\t\t\t\t\t<h2 class=\"elementor-heading-title elementor-size-default\">1. Datenschutz auf einen Blick<\/h2>\t\t\t\t<\/div>\n\t\t\t\t<div class=\"elementor-element elementor-element-3230e1d elementor-widget elementor-widget-heading\" data-id=\"3230e1d\" data-element_type=\"widget\" data-e-type=\"widget\" data-widget_type=\"heading.default\">\n\t\t\t\t\t<h3 class=\"elementor-heading-title elementor-size-default\">Allgemeine Hinweise<\/h3>\t\t\t\t<\/div>\n\t\t\t\t<div class=\"elementor-element elementor-element-d9ff7e5 elementor-widget elementor-widget-text-editor\" data-id=\"d9ff7e5\" data-element_type=\"widget\" data-e-type=\"widget\" data-widget_type=\"text-editor.default\">\n\t\t\t\t\t\t\t\t\t<p>Die folgenden Hinweise geben einen einfachen \u00dcberblick dar\u00fcber, was mit Ihren personenbezogenen Daten passiert, wenn Sie unsere Webseite besuchen. Personenbezogene Daten sind alle Daten, mit denen Sie pers\u00f6nlich identifiziert werden k\u00f6nnen.<\/p><p>Diese Webseite ist aktuell als One-Pager-\u00dcbergangsl\u00f6sung konzipiert und enth\u00e4lt ausschlie\u00dflich allgemeine Informationen sowei Kontaktm\u00f6glichkeiten per Telefon und E-Mail.<\/p>\t\t\t\t\t\t\t\t<\/div>\n\t\t\t\t<div class=\"elementor-element elementor-element-00f8885 elementor-widget elementor-widget-heading\" data-id=\"00f8885\" data-element_type=\"widget\" data-e-type=\"widget\" data-widget_type=\"heading.default\">\n\t\t\t\t\t<h2 class=\"elementor-heading-title elementor-size-default\">2. Verantwortliche Stelle<\/h2>\t\t\t\t<\/div>\n\t\t\t\t<div class=\"elementor-element elementor-element-6bd6712 elementor-widget elementor-widget-text-editor\" data-id=\"6bd6712\" data-element_type=\"widget\" data-e-type=\"widget\" data-widget_type=\"text-editor.default\">\n\t\t\t\t\t\t\t\t\t<p>Die verantwortliche Stelle f\u00fcr die Datenverarbeitung auf dieser Webseite ist:<\/p><p><strong>Seutter Schaltanlagen<\/strong><br \/>Lise-Meitner-Stra\u00dfe 2<br \/>73529 Schw\u00e4bisch Gm\u00fcnd<br \/>Tel.: +49 (0) 7171-182790<br \/>E-Mail: seutter@seutter-schaltanlagen.de<br \/>Gesch\u00e4ftsf\u00fchrerin: Maryana Seutter<br \/>USt-IdNr.: DE239656876<\/p><p>Verantwortliche Stelle ist die nat\u00fcrliche oder juristische Person, die \u00fcber die Zwecke und Mittel der Verarbeitung personenbezogener Daten entscheidet.<\/p>\t\t\t\t\t\t\t\t<\/div>\n\t\t\t\t<div class=\"elementor-element elementor-element-0d65636 elementor-widget elementor-widget-heading\" data-id=\"0d65636\" data-element_type=\"widget\" data-e-type=\"widget\" data-widget_type=\"heading.default\">\n\t\t\t\t\t<h2 class=\"elementor-heading-title elementor-size-default\">3. Hosting<\/h2>\t\t\t\t<\/div>\n\t\t\t\t<div class=\"elementor-element elementor-element-76b0590 elementor-widget elementor-widget-text-editor\" data-id=\"76b0590\" data-element_type=\"widget\" data-e-type=\"widget\" data-widget_type=\"text-editor.default\">\n\t\t\t\t\t\t\t\t\t<p>Diese Webseite wird auf einem eigenen Server in Deutschland betrieben (Infrastruktur der DHV e-net GmbH). Eine Verarbeitung der Daten findet ausschlie\u00dflich innerhalb Deutschlands statt.<\/p>\t\t\t\t\t\t\t\t<\/div>\n\t\t\t\t<div class=\"elementor-element elementor-element-ad49b65 elementor-widget elementor-widget-heading\" data-id=\"ad49b65\" data-element_type=\"widget\" data-e-type=\"widget\" data-widget_type=\"heading.default\">\n\t\t\t\t\t<h2 class=\"elementor-heading-title elementor-size-default\">4. Server-Log-Dateien<\/h2>\t\t\t\t<\/div>\n\t\t\t\t<div class=\"elementor-element elementor-element-93f9ce2 elementor-widget elementor-widget-text-editor\" data-id=\"93f9ce2\" data-element_type=\"widget\" data-e-type=\"widget\" data-widget_type=\"text-editor.default\">\n\t\t\t\t\t\t\t\t\t<p>Beim Besuch unserer Webseite erhebt und speichert der Server automatisch Informationen in so genannten Server-Log-Dateien.<br \/>Diese beinhalten:<\/p><ul><li>Browsertyp und Browserversion<\/li><li>verwendetes Betriebssystem<\/li><li>Referrer-URL<\/li><li>Hostname des zugreifenden Rechners<\/li><li>Uhrzeit der Serveranfrage<\/li><li>IP-Adresse<\/li><\/ul><p>Diese Daten werden nicht mit anderen Datenquellen zusammengef\u00fchrt.<\/p><p><strong>Rechtsgrundlage:<\/strong> Art6Abs. 1 lit. f DSGVO (berechtigtes Interesse an der sicheren und stabilen Bereitstellung der Webseite).<\/p><p><strong>Speicherdauer:<\/strong> Server-Log-Dateien werden maximal 30 Tage gespeichert und anschlie\u00dfend automatisch gel\u00f6scht.<\/p>\t\t\t\t\t\t\t\t<\/div>\n\t\t\t\t<div class=\"elementor-element elementor-element-4741b85 elementor-widget elementor-widget-heading\" data-id=\"4741b85\" data-element_type=\"widget\" data-e-type=\"widget\" data-widget_type=\"heading.default\">\n\t\t\t\t\t<h2 class=\"elementor-heading-title elementor-size-default\">5. Cookies<\/h2>\t\t\t\t<\/div>\n\t\t\t\t<div class=\"elementor-element elementor-element-24c64f9 elementor-widget elementor-widget-text-editor\" data-id=\"24c64f9\" data-element_type=\"widget\" data-e-type=\"widget\" data-widget_type=\"text-editor.default\">\n\t\t\t\t\t\t\t\t\t<p>Diese Webseite verwendet ausschlie\u00dflich technisch notwendige Cookies, die f\u00fcr den Betrieb der Webseite erforderlich sind.<\/p><ul><li>Es werden keine Analyse-, Tracking- oder Marketing-Cookies eingesetzt.<\/li><li>Eine Einwilligung \u00fcber ein Cookie-Banner ist daher nicht erforderlich.<\/li><\/ul><p>Technisch notwendige Cookies werden auf Grundlage von Art. 6 Abs. 1 lit. f DSGVO gespeichert.<\/p>\t\t\t\t\t\t\t\t<\/div>\n\t\t\t\t<div class=\"elementor-element elementor-element-06f3328 elementor-widget elementor-widget-heading\" data-id=\"06f3328\" data-element_type=\"widget\" data-e-type=\"widget\" data-widget_type=\"heading.default\">\n\t\t\t\t\t<h2 class=\"elementor-heading-title elementor-size-default\">6. Kontaktaufnahme<\/h2>\t\t\t\t<\/div>\n\t\t\t\t<div class=\"elementor-element elementor-element-44f75b9 elementor-widget elementor-widget-text-editor\" data-id=\"44f75b9\" data-element_type=\"widget\" data-e-type=\"widget\" data-widget_type=\"text-editor.default\">\n\t\t\t\t\t\t\t\t\t<p>Wenn Sie uns per Telefon oder E-Mail kontaktieren, werden die von Ihnen \u00fcbermittelten personenbezogenen Daten (Z.b. Name, E-Mail-Adresse, Inhalt der Anfrage) ausschlie\u00dflich zur Bearbeitung Ihrer Anfrage verarbeitet.<\/p><p><strong>Rechtsgrundlage:<\/strong> Art. 6 Abs. 1 lit. b DSGVO (vorvertragliche Ma\u00dfnahme) oder Art. 6 Abs. 1 lit. f DSGVO (berechtigtes Interesse an der Bearbeitung Ihrer Anfrage)<\/p><p>Die Daten werden gel\u00f6scht, sobald der Zweck der Verarbeitung entf\u00e4llt und keine gesetzliche Aufbewahrungspflichten entgegenstehen.<\/p>\t\t\t\t\t\t\t\t<\/div>\n\t\t\t\t<div class=\"elementor-element elementor-element-c9dfbf9 elementor-widget elementor-widget-heading\" data-id=\"c9dfbf9\" data-element_type=\"widget\" data-e-type=\"widget\" data-widget_type=\"heading.default\">\n\t\t\t\t\t<h2 class=\"elementor-heading-title elementor-size-default\">7. Weitergabe personenbezogener Daten<\/h2>\t\t\t\t<\/div>\n\t\t\t\t<div class=\"elementor-element elementor-element-28ad2e0 elementor-widget elementor-widget-text-editor\" data-id=\"28ad2e0\" data-element_type=\"widget\" data-e-type=\"widget\" data-widget_type=\"text-editor.default\">\n\t\t\t\t\t\t\t\t\t<p>Eine Weitergabe Ihrer personenbezogenen Daten an Dritte findet nicht statt, es sei denn, wir sind gesetzlich dazu verpflichtet.<\/p>\t\t\t\t\t\t\t\t<\/div>\n\t\t\t\t<div class=\"elementor-element elementor-element-8ff01f7 elementor-widget elementor-widget-heading\" data-id=\"8ff01f7\" data-element_type=\"widget\" data-e-type=\"widget\" data-widget_type=\"heading.default\">\n\t\t\t\t\t<h2 class=\"elementor-heading-title elementor-size-default\">8. SSl-\/TLS-Verschl\u00fcsselung<\/h2>\t\t\t\t<\/div>\n\t\t\t\t<div class=\"elementor-element elementor-element-cc6cab4 elementor-widget elementor-widget-text-editor\" data-id=\"cc6cab4\" data-element_type=\"widget\" data-e-type=\"widget\" data-widget_type=\"text-editor.default\">\n\t\t\t\t\t\t\t\t\t<p>Diese Webseite nutzt aus Sicherheitsgr\u00fcnden eine SSL- bzw. TLS-Verschl\u00fcsselung. Sie erkennen eine verschl\u00fcsselte Verbindung an der Adresszeile Ihres Browsers (&#8222;https:\/\/&#8220;) und dem Schloss-Symbol.<\/p>\t\t\t\t\t\t\t\t<\/div>\n\t\t\t\t<div class=\"elementor-element elementor-element-ede87f2 elementor-widget elementor-widget-heading\" data-id=\"ede87f2\" data-element_type=\"widget\" data-e-type=\"widget\" data-widget_type=\"heading.default\">\n\t\t\t\t\t<h2 class=\"elementor-heading-title elementor-size-default\">9. Ihre Rechte als betroffene Person<\/h2>\t\t\t\t<\/div>\n\t\t\t\t<div class=\"elementor-element elementor-element-756d02f elementor-widget elementor-widget-text-editor\" data-id=\"756d02f\" data-element_type=\"widget\" data-e-type=\"widget\" data-widget_type=\"text-editor.default\">\n\t\t\t\t\t\t\t\t\t<p>Sie haben jederzeit das Recht auf:<\/p><ul><li>Auskunft \u00fcber Ihre gespeicherten personenbezogenen Daten (Art. 15 DSGVO)<\/li><li>Berichtigung unrichtiger Daten (Art. 16 DSGVO)<\/li><li>L\u00f6schung Ihrer Daten (Art. 17 DSGVO)<\/li><li>Einschr\u00e4nkung der Verarbeitung (Art. 18 DSGVO)<\/li><li>Daten\u00fcbertragbarkeit (Art. 20 DSGVO)<\/li><li>Widerspruch gegen die Verarbeitung (Art. 21 DSGVO)<\/li><\/ul><p>Zur Wahrung Ihrer Rechte gen\u00fcgt eine formlose Mitteilung an die oben genannte Kontaktadresse.<\/p>\t\t\t\t\t\t\t\t<\/div>\n\t\t\t\t<div class=\"elementor-element elementor-element-7ef4db5 elementor-widget elementor-widget-heading\" data-id=\"7ef4db5\" data-element_type=\"widget\" data-e-type=\"widget\" data-widget_type=\"heading.default\">\n\t\t\t\t\t<h2 class=\"elementor-heading-title elementor-size-default\">10. Beschwerderecht bei der Aufsichtsbeh\u00f6rde<\/h2>\t\t\t\t<\/div>\n\t\t\t\t<div class=\"elementor-element elementor-element-b3e568c elementor-widget elementor-widget-text-editor\" data-id=\"b3e568c\" data-element_type=\"widget\" data-e-type=\"widget\" data-widget_type=\"text-editor.default\">\n\t\t\t\t\t\t\t\t\t<p>Im Falle datenschutzrechtlicher Verst\u00f6\u00dfe steht Ihnen ein Beschwerderecht bei der zust\u00e4ndigen Aufsichtsbeh\u00f6rde zu.<\/p><p>Zust\u00e4ndige Aufsichtsbeh\u00f6rde:<\/p><p>Der Landesbeauftragte f\u00fcr Datenschutz und Informationssicherheit Baden-W\u00fcrttemberg<\/p><p><a href=\"https:\/\/www.baden-wuerttemberg.datenschutz.de\">https:\/\/www.baden-wuerttemberg.datenschutz.de<\/a><\/p>\t\t\t\t\t\t\t\t<\/div>\n\t\t\t\t<div class=\"elementor-element elementor-element-da1df46 elementor-widget elementor-widget-heading\" data-id=\"da1df46\" data-element_type=\"widget\" data-e-type=\"widget\" data-widget_type=\"heading.default\">\n\t\t\t\t\t<h2 class=\"elementor-heading-title elementor-size-default\">11. Widerspruch gegen Werbe-E-Mails<\/h2>\t\t\t\t<\/div>\n\t\t\t\t<div class=\"elementor-element elementor-element-469fb1a elementor-widget elementor-widget-text-editor\" data-id=\"469fb1a\" data-element_type=\"widget\" data-e-type=\"widget\" data-widget_type=\"text-editor.default\">\n\t\t\t\t\t\t\t\t\t<p>Der Nutzung der im Impressum ver\u00f6ffentlichten Kontaktdaten zur \u00dcbersendung von nicht ausdr\u00fccklich angeforderter Werbung wird hiermit widersprochen.<\/p>\t\t\t\t\t\t\t\t<\/div>\n\t\t\t\t<div class=\"elementor-element elementor-element-88d76e1 elementor-widget elementor-widget-heading\" data-id=\"88d76e1\" data-element_type=\"widget\" data-e-type=\"widget\" data-widget_type=\"heading.default\">\n\t\t\t\t\t<h2 class=\"elementor-heading-title elementor-size-default\">12. Aktualit\u00e4tsstand<\/h2>\t\t\t\t<\/div>\n\t\t\t\t<div class=\"elementor-element elementor-element-e9c3900 elementor-widget elementor-widget-text-editor\" data-id=\"e9c3900\" data-element_type=\"widget\" data-e-type=\"widget\" data-widget_type=\"text-editor.default\">\n\t\t\t\t\t\t\t\t\t<p>Diese Datenschutzerkl\u00e4rung hat den Stand <strong>April 2026<\/strong> und wird bei technischen oder rechtlichen \u00c4nderungen angepasst.<\/p>\t\t\t\t\t\t\t\t<\/div>\n\t\t\t\t\t<\/div>\n\t\t\t\t<\/div>\n\t\t\t\t<\/div>\n\t\t","protected":false},"excerpt":{"rendered":"<p>Datenschutzerkl\u00e4rung 1. Datenschutz auf einen Blick Allgemeine Hinweise Die folgenden Hinweise geben einen einfachen \u00dcberblick dar\u00fcber, was mit Ihren personenbezogenen Daten passiert, wenn Sie unsere Webseite besuchen. Personenbezogene Daten sind alle Daten, mit denen Sie pers\u00f6nlich identifiziert werden k\u00f6nnen. Diese Webseite ist aktuell als One-Pager-\u00dcbergangsl\u00f6sung konzipiert und enth\u00e4lt ausschlie\u00dflich allgemeine Informationen sowei Kontaktm\u00f6glichkeiten per Telefon [&hellip;]<\/p>\n","protected":false},"author":1,"featured_media":0,"parent":0,"menu_order":0,"comment_status":"closed","ping_status":"closed","template":"elementor_canvas","meta":{"footnotes":""},"class_list":["post-58","page","type-page","status-publish","hentry"],"_links":{"self":[{"href":"https:\/\/www.staging.seutter-schaltanlagen.de\/index.php?rest_route=\/wp\/v2\/pages\/58","targetHints":{"allow":["GET"]}}],"collection":[{"href":"https:\/\/www.staging.seutter-schaltanlagen.de\/index.php?rest_route=\/wp\/v2\/pages"}],"about":[{"href":"https:\/\/www.staging.seutter-schaltanlagen.de\/index.php?rest_route=\/wp\/v2\/types\/page"}],"author":[{"embeddable":true,"href":"https:\/\/www.staging.seutter-schaltanlagen.de\/index.php?rest_route=\/wp\/v2\/users\/1"}],"replies":[{"embeddable":true,"href":"https:\/\/www.staging.seutter-schaltanlagen.de\/index.php?rest_route=%2Fwp%2Fv2%2Fcomments&post=58"}],"version-history":[{"count":19,"href":"https:\/\/www.staging.seutter-schaltanlagen.de\/index.php?rest_route=\/wp\/v2\/pages\/58\/revisions"}],"predecessor-version":[{"id":107,"href":"https:\/\/www.staging.seutter-schaltanlagen.de\/index.php?rest_route=\/wp\/v2\/pages\/58\/revisions\/107"}],"wp:attachment":[{"href":"https:\/\/www.staging.seutter-schaltanlagen.de\/index.php?rest_route=%2Fwp%2Fv2%2Fmedia&parent=58"}],"curies":[{"name":"wp","href":"https:\/\/api.w.org\/{rel}","templated":true}]}}